{"id":110,"date":"2024-07-26T16:09:47","date_gmt":"2024-07-26T15:09:47","guid":{"rendered":"https:\/\/kreuzberg-psychotherapie.de\/?page_id=110"},"modified":"2024-08-11T14:29:17","modified_gmt":"2024-08-11T13:29:17","slug":"kosten","status":"publish","type":"page","link":"https:\/\/kreuzberg-psychotherapie.de\/en\/kosten\/","title":{"rendered":"Costs"},"content":{"rendered":"<p style=\"font-size:1.3em\">Self-payment<\/p>\n\n\n\n<div class=\"wp-block-columns is-layout-flex wp-container-core-columns-layout-1 wp-block-columns-is-layout-flex\" style=\"padding-top:0;padding-right:0;padding-bottom:0;padding-left:0\">\n<div class=\"wp-block-column is-layout-flow wp-block-column-is-layout-flow\">\n<figure class=\"wp-block-image size-large\"><img loading=\"lazy\" decoding=\"async\" width=\"1020\" height=\"1024\" src=\"https:\/\/kreuzberg-psychotherapie.de\/wp-content\/uploads\/2024\/08\/20240731_114052q-1-1020x1024.jpg\" alt=\"\" class=\"wp-image-830\" srcset=\"https:\/\/kreuzberg-psychotherapie.de\/wp-content\/uploads\/2024\/08\/20240731_114052q-1-1020x1024.jpg 1020w, https:\/\/kreuzberg-psychotherapie.de\/wp-content\/uploads\/2024\/08\/20240731_114052q-1-300x300.jpg 300w, https:\/\/kreuzberg-psychotherapie.de\/wp-content\/uploads\/2024\/08\/20240731_114052q-1-150x150.jpg 150w, https:\/\/kreuzberg-psychotherapie.de\/wp-content\/uploads\/2024\/08\/20240731_114052q-1-768x771.jpg 768w, https:\/\/kreuzberg-psychotherapie.de\/wp-content\/uploads\/2024\/08\/20240731_114052q-1-1530x1536.jpg 1530w, https:\/\/kreuzberg-psychotherapie.de\/wp-content\/uploads\/2024\/08\/20240731_114052q-1-2040x2048.jpg 2040w, https:\/\/kreuzberg-psychotherapie.de\/wp-content\/uploads\/2024\/08\/20240731_114052q-1-12x12.jpg 12w\" sizes=\"(max-width: 1020px) 100vw, 1020px\" \/><\/figure>\n<\/div>\n\n\n\n<div class=\"wp-block-column is-layout-flow wp-block-column-is-layout-flow\" style=\"flex-basis:75%\">\n<p>There can be various reasons for choosing to pay for psychotherapy yourself. In case of self-payment, insurance application formalities are not a concern. The billing is based on the scale of fees for psychotherapists in Germany (GOP).<\/p>\n\n\n\n<p>Self-paying for psychotherapy may be preferable if you wish for a straightforward start without application delays and coordination with the health insurance company, if the insurance shall not get involved in administrative info on the therapy, if your insurance contract doesn\u2019t cover psychotherapy at all or does not cover it in private practices. Please note that I do <strong>not<\/strong> proceed differently in therapy, no matter whether you pay for it or an insurance covers the costs.<\/p>\n<\/div>\n<\/div>\n\n\n\n<p style=\"margin-top:var(--wp--preset--spacing--70);font-size:1.3em\">Private Health Insurance and\/or Supplementary Health Insurance (Beihilfe)<\/p>\n\n\n\n<p>If you are insured privately and\/or via Beihilfe (state employees\/ civil servants) usually the expenses of psychotherapy in a private practice can get covered. However, since individual contracts can vary significantly, I recommend checking with your private health insurance and\/or supplementary health insurance provider (Beihilfestelle) in advance to determine whether, to what extent, and under what conditions psychotherapeutic services are covered by your policy. Ideally, also inquire about any necessary application forms and request to get them sent to you already. If an application is required, we would usually fill it out and submit it together.<\/p>\n\n\n\n<p>The billing is based on the scale of fees for psychotherapists in Germany (GOP) as well as the new joint billing recommendations of the Federal Medical Council, the Federal Chamber of Psychotherapists, the Association of Private Health Insurers, and the supplementary health insurance agencies of the federal and state governments (excluding Hamburg and Schleswig-Holstein) effective from July 1, 2024, which can be viewed <em><a href=\"https:\/\/api.bptk.de\/uploads\/Uebersicht_Analogleistungen_gemaess_Abrechnungsempfehlungen_B_Pt_K_B_Ae_K_PKV_Beihilfe_2024_07_01_5d59d963de_626d305a19.pdf\" target=\"_blank\" rel=\"noopener\" title=\"Abrechnungsempfehlung\">h<\/a><\/em><a href=\"https:\/\/api.bptk.de\/uploads\/Uebersicht_Analogleistungen_gemaess_Abrechnungsempfehlungen_B_Pt_K_B_Ae_K_PKV_Beihilfe_2024_07_01_5d59d963de_626d305a19.pdf\" target=\"_blank\" rel=\"noopener\" title=\"Abrechnungsempfehlung\"><em>ere<\/em><\/a>. Please note that in some cases there may be a private co-payment.<\/p>\n\n\n\n<p style=\"padding-top:var(--wp--preset--spacing--60);font-size:1.3em\">Public (Statutory) Health Insurance<\/p>\n\n\n\n<p>Unfortunately the costs of psychotherapy in private practices are <strong>NOT<\/strong> covered by the public health insurances.<\/p>\n\n\n\n<p>In specific cases after individual application and approval via your insurance, the costs of psychotherapy in a private practice can get reimbursed through your public health insurance. This can only get approved if despite urgent need for therapy and extensive, documented search no slot with a public therapist could get found within a reasonable waiting time (proof of so-called \u201csystem failure\u201d). As this requires considerable effort and time and there is no guarantee for success, patients looking for coverage of the costs via a public insurance should always start systematically looking for a public therapist first (including via Kassen\u00e4rztliche Vereinigung, the Association of Statutory Health Insurance Physicians:&nbsp;<a href=\"http:\/\/www.kvberlin.de\" title=\"\">www.kvberlin.de<\/a>).<\/p>\n\n\n\n<figure class=\"wp-block-image aligncenter size-large is-resized\"><img loading=\"lazy\" decoding=\"async\" width=\"1024\" height=\"576\" src=\"https:\/\/kreuzberg-psychotherapie.de\/wp-content\/uploads\/2024\/08\/20240807_112344-1024x576.jpg\" alt=\"\" class=\"wp-image-711\" style=\"width:711px\" srcset=\"https:\/\/kreuzberg-psychotherapie.de\/wp-content\/uploads\/2024\/08\/20240807_112344-1024x576.jpg 1024w, https:\/\/kreuzberg-psychotherapie.de\/wp-content\/uploads\/2024\/08\/20240807_112344-300x169.jpg 300w, https:\/\/kreuzberg-psychotherapie.de\/wp-content\/uploads\/2024\/08\/20240807_112344-768x432.jpg 768w, https:\/\/kreuzberg-psychotherapie.de\/wp-content\/uploads\/2024\/08\/20240807_112344-1536x864.jpg 1536w, https:\/\/kreuzberg-psychotherapie.de\/wp-content\/uploads\/2024\/08\/20240807_112344-2048x1152.jpg 2048w, https:\/\/kreuzberg-psychotherapie.de\/wp-content\/uploads\/2024\/08\/20240807_112344-18x10.jpg 18w\" sizes=\"(max-width: 1024px) 100vw, 1024px\" \/><\/figure>","protected":false},"excerpt":{"rendered":"<p>Selbstzahlende Es kann diverse Gr\u00fcnde geben, warum man eine Psychotherapie selbst bezahlen m\u00f6chte. In diesem Fall spielen Antragsformalit\u00e4ten keine Rolle. [&hellip;]<\/p>","protected":false},"author":1,"featured_media":0,"parent":0,"menu_order":0,"comment_status":"closed","ping_status":"closed","template":"","meta":{"_monsterinsights_skip_tracking":false,"_monsterinsights_sitenote_active":false,"_monsterinsights_sitenote_note":"","_monsterinsights_sitenote_category":0,"site-sidebar-layout":"default","site-content-layout":"","ast-site-content-layout":"","site-content-style":"default","site-sidebar-style":"default","ast-global-header-display":"","ast-banner-title-visibility":"","ast-main-header-display":"","ast-hfb-above-header-display":"","ast-hfb-below-header-display":"","ast-hfb-mobile-header-display":"","site-post-title":"","ast-breadcrumbs-content":"","ast-featured-img":"","footer-sml-layout":"","theme-transparent-header-meta":"","adv-header-id-meta":"","stick-header-meta":"","header-above-stick-meta":"","header-main-stick-meta":"","header-below-stick-meta":"","astra-migrate-meta-layouts":"default","ast-page-background-enabled":"default","ast-page-background-meta":{"desktop":{"background-color":"var(--ast-global-color-4)","background-image":"","background-repeat":"repeat","background-position":"center center","background-size":"auto","background-attachment":"scroll","background-type":"","background-media":"","overlay-type":"","overlay-color":"","overlay-gradient":""},"tablet":{"background-color":"","background-image":"","background-repeat":"repeat","background-position":"center center","background-size":"auto","background-attachment":"scroll","background-type":"","background-media":"","overlay-type":"","overlay-color":"","overlay-gradient":""},"mobile":{"background-color":"","background-image":"","background-repeat":"repeat","background-position":"center center","background-size":"auto","background-attachment":"scroll","background-type":"","background-media":"","overlay-type":"","overlay-color":"","overlay-gradient":""}},"ast-content-background-meta":{"desktop":{"background-color":"var(--ast-global-color-5)","background-image":"","background-repeat":"repeat","background-position":"center center","background-size":"auto","background-attachment":"scroll","background-type":"","background-media":"","overlay-type":"","overlay-color":"","overlay-gradient":""},"tablet":{"background-color":"var(--ast-global-color-5)","background-image":"","background-repeat":"repeat","background-position":"center center","background-size":"auto","background-attachment":"scroll","background-type":"","background-media":"","overlay-type":"","overlay-color":"","overlay-gradient":""},"mobile":{"background-color":"var(--ast-global-color-5)","background-image":"","background-repeat":"repeat","background-position":"center center","background-size":"auto","background-attachment":"scroll","background-type":"","background-media":"","overlay-type":"","overlay-color":"","overlay-gradient":""}},"footnotes":""},"aioseo_notices":[],"_links":{"self":[{"href":"https:\/\/kreuzberg-psychotherapie.de\/en\/wp-json\/wp\/v2\/pages\/110"}],"collection":[{"href":"https:\/\/kreuzberg-psychotherapie.de\/en\/wp-json\/wp\/v2\/pages"}],"about":[{"href":"https:\/\/kreuzberg-psychotherapie.de\/en\/wp-json\/wp\/v2\/types\/page"}],"author":[{"embeddable":true,"href":"https:\/\/kreuzberg-psychotherapie.de\/en\/wp-json\/wp\/v2\/users\/1"}],"replies":[{"embeddable":true,"href":"https:\/\/kreuzberg-psychotherapie.de\/en\/wp-json\/wp\/v2\/comments?post=110"}],"version-history":[{"count":39,"href":"https:\/\/kreuzberg-psychotherapie.de\/en\/wp-json\/wp\/v2\/pages\/110\/revisions"}],"predecessor-version":[{"id":975,"href":"https:\/\/kreuzberg-psychotherapie.de\/en\/wp-json\/wp\/v2\/pages\/110\/revisions\/975"}],"wp:attachment":[{"href":"https:\/\/kreuzberg-psychotherapie.de\/en\/wp-json\/wp\/v2\/media?parent=110"}],"curies":[{"name":"wp","href":"https:\/\/api.w.org\/{rel}","templated":true}]}}